{"id":5,"date":"2018-09-17T13:39:30","date_gmt":"2018-09-17T13:39:30","guid":{"rendered":"http:\/\/waerchlade.ch\/de\/?page_id=5"},"modified":"2026-01-08T09:44:38","modified_gmt":"2026-01-08T09:44:38","slug":"home","status":"publish","type":"page","link":"https:\/\/www.waerchlade.ch\/de\/","title":{"rendered":"Home"},"content":{"rendered":"<p>[et_pb_section fb_built=&#8220;1&#8243; admin_label=&#8220;Sektion (Pfeil-Link f\u00fcr n\u00e4chste Seite)&#8220; module_id=&#8220;weiterSektion&#8220; _builder_version=&#8220;4.16&#8243; collapsed=&#8220;on&#8220; global_colors_info=&#8220;{}&#8220;][et_pb_row column_structure=&#8220;3_4,1_4&#8243; _builder_version=&#8220;4.23&#8243; background_size=&#8220;initial&#8220; background_position=&#8220;top_left&#8220; background_repeat=&#8220;repeat&#8220; global_colors_info=&#8220;{}&#8220;][et_pb_column type=&#8220;3_4&#8243; _builder_version=&#8220;4.16&#8243; custom_padding=&#8220;|||&#8220; global_colors_info=&#8220;{}&#8220; custom_padding__hover=&#8220;|||&#8220;][et_pb_accordion _builder_version=&#8220;4.23&#8243; _module_preset=&#8220;default&#8220; global_colors_info=&#8220;{}&#8220;][\/et_pb_accordion][\/et_pb_column][et_pb_column type=&#8220;1_4&#8243; _builder_version=&#8220;4.16&#8243; custom_padding=&#8220;|||&#8220; global_colors_info=&#8220;{}&#8220; custom_padding__hover=&#8220;|||&#8220;][et_pb_image src=&#8220;https:\/\/waerchlade.ch\/de\/wp-content\/uploads\/pfeil.png&#8220; url=&#8220;https:\/\/waerchlade.ch\/de\/arbeitsplaetze\/&#8220; align=&#8220;right&#8220; admin_label=&#8220;Bild Weiter&#8220; module_id=&#8220;weiter&#8220; _builder_version=&#8220;4.16&#8243; always_center_on_mobile=&#8220;off&#8220; global_colors_info=&#8220;{}&#8220;][\/et_pb_image][\/et_pb_column][\/et_pb_row][\/et_pb_section][et_pb_section fb_built=&#8220;1&#8243; _builder_version=&#8220;4.16&#8243; width=&#8220;99.8%&#8220; global_colors_info=&#8220;{}&#8220;][et_pb_row column_structure=&#8220;1_4,3_4&#8243; _builder_version=&#8220;4.23&#8243; background_size=&#8220;initial&#8220; background_position=&#8220;top_left&#8220; background_repeat=&#8220;repeat&#8220; custom_padding=&#8220;|0px|0px|0px||&#8220; global_colors_info=&#8220;{}&#8220;][et_pb_column type=&#8220;1_4&#8243; _builder_version=&#8220;4.16&#8243; custom_padding=&#8220;|||&#8220; global_colors_info=&#8220;{}&#8220; custom_padding__hover=&#8220;|||&#8220;][et_pb_text disabled_on=&#8220;off|off|off&#8220; admin_label=&#8220;Text \u00d6ffnungszeiten&#8220; module_id=&#8220;text1&#8243; _builder_version=&#8220;4.23&#8243; custom_margin=&#8220;||124px|||&#8220; custom_margin_tablet=&#8220;||124px|||&#8220; custom_margin_phone=&#8220;||18px||false|false&#8220; custom_margin_last_edited=&#8220;on|phone&#8220; custom_css_free_form=&#8220;selector { margin-bottom: 32px !important;  }&#8220; global_colors_info=&#8220;{}&#8220;]<\/p>\n<p><strong>\u00d6ffnungszeiten<\/strong><br \/>Montag-Freitag<br \/>9-12 und 14-18 Uhr<br \/>Samstag 14-16 Uhr<\/p>\n<p>[\/et_pb_text][et_pb_text disabled_on=&#8220;off|off|off&#8220; admin_label=&#8220;Text (Der W\u00e4rchlade\u2026)&#8220; module_id=&#8220;text2&#8243; _builder_version=&#8220;4.23&#8243; width=&#8220;100%&#8220; custom_margin=&#8220;||124px||false|false&#8220; custom_margin_tablet=&#8220;||124px||false|false&#8220; custom_margin_phone=&#8220;||16px||false|false&#8220; custom_margin_last_edited=&#8220;on|phone&#8220; custom_padding=&#8220;||||false|false&#8220; global_colors_info=&#8220;{}&#8220;]Der W\u00e4rchlade an der Marktgasse 35 in Olten bietet Menschen mit einer Krankheit oder Behinderung gesch\u00fctzte und auf deren F\u00e4higkeiten abgestimmte Arbeitspl\u00e4tze im Textil&shy;atelier und in der Holz&shy;werkstatt an.[\/et_pb_text][\/et_pb_column][et_pb_column type=&#8220;3_4&#8243; _builder_version=&#8220;4.16&#8243; custom_padding=&#8220;|||&#8220; global_colors_info=&#8220;{}&#8220; custom_padding__hover=&#8220;|||&#8220;][et_pb_image src=&#8220;https:\/\/www.waerchlade.ch\/de\/wp-content\/uploads\/IMG_0758_800x600.jpg&#8220; title_text=&#8220;W\u00e4rchlade Olten (Aussenansicht)&#8220; disabled_on=&#8220;off|off|off&#8220; admin_label=&#8220;Bild (Aussenansicht)&#8220; module_id=&#8220;bild1&#8243; _builder_version=&#8220;4.23&#8243; _module_preset=&#8220;default&#8220; custom_margin=&#8220;||-98px|||&#8220; custom_padding=&#8220;||1px|||&#8220; locked=&#8220;off&#8220; global_colors_info=&#8220;{}&#8220;][\/et_pb_image][\/et_pb_column][\/et_pb_row][et_pb_row admin_label=&#8220;Zeile (nur Abstandhalter)&#8220; _builder_version=&#8220;4.23&#8243; _module_preset=&#8220;default&#8220; collapsed=&#8220;on&#8220; global_colors_info=&#8220;{}&#8220;][et_pb_column type=&#8220;4_4&#8243; _builder_version=&#8220;4.23&#8243; _module_preset=&#8220;default&#8220; global_colors_info=&#8220;{}&#8220;][et_pb_text admin_label=&#8220;Text (leer)&#8220; _builder_version=&#8220;4.23&#8243; _module_preset=&#8220;default&#8220; global_colors_info=&#8220;{}&#8220;]&nbsp;[\/et_pb_text][\/et_pb_column][\/et_pb_row][et_pb_row admin_label=&#8220;Zeile (nur Abstandhalter)&#8220; _builder_version=&#8220;4.23&#8243; _module_preset=&#8220;default&#8220; collapsed=&#8220;on&#8220; global_colors_info=&#8220;{}&#8220;][et_pb_column type=&#8220;4_4&#8243; _builder_version=&#8220;4.23&#8243; _module_preset=&#8220;default&#8220; global_colors_info=&#8220;{}&#8220;][et_pb_text admin_label=&#8220;Text (leer)&#8220; _builder_version=&#8220;4.23&#8243; _module_preset=&#8220;default&#8220; global_colors_info=&#8220;{}&#8220;]&nbsp;[\/et_pb_text][\/et_pb_column][\/et_pb_row][et_pb_row admin_label=&#8220;Zeile (nur Abstandhalter)&#8220; _builder_version=&#8220;4.23&#8243; _module_preset=&#8220;default&#8220; collapsed=&#8220;on&#8220; global_colors_info=&#8220;{}&#8220;][et_pb_column type=&#8220;4_4&#8243; _builder_version=&#8220;4.23&#8243; _module_preset=&#8220;default&#8220; global_colors_info=&#8220;{}&#8220;][et_pb_text admin_label=&#8220;Text (leer)&#8220; _builder_version=&#8220;4.23&#8243; _module_preset=&#8220;default&#8220; global_colors_info=&#8220;{}&#8220;]&nbsp;[\/et_pb_text][\/et_pb_column][\/et_pb_row][\/et_pb_section]<\/p>\n","protected":false},"excerpt":{"rendered":"<p>\u00d6ffnungszeitenMontag-Freitag9-12 und 14-18 UhrSamstag 14-16 UhrDer W\u00e4rchlade an der Marktgasse 35 in Olten bietet Menschen mit einer Krankheit oder Behinderung gesch\u00fctzte und auf deren F\u00e4higkeiten abgestimmte Arbeitspl\u00e4tze im Textil&shy;atelier und in der Holz&shy;werkstatt an.&nbsp;&nbsp;&nbsp;<\/p>\n","protected":false},"author":4,"featured_media":0,"parent":0,"menu_order":10,"comment_status":"closed","ping_status":"closed","template":"","meta":{"_et_pb_use_builder":"on","_et_pb_old_content":"","_et_gb_content_width":"","footnotes":""},"_links":{"self":[{"href":"https:\/\/www.waerchlade.ch\/de\/wp-json\/wp\/v2\/pages\/5"}],"collection":[{"href":"https:\/\/www.waerchlade.ch\/de\/wp-json\/wp\/v2\/pages"}],"about":[{"href":"https:\/\/www.waerchlade.ch\/de\/wp-json\/wp\/v2\/types\/page"}],"author":[{"embeddable":true,"href":"https:\/\/www.waerchlade.ch\/de\/wp-json\/wp\/v2\/users\/4"}],"replies":[{"embeddable":true,"href":"https:\/\/www.waerchlade.ch\/de\/wp-json\/wp\/v2\/comments?post=5"}],"version-history":[{"count":215,"href":"https:\/\/www.waerchlade.ch\/de\/wp-json\/wp\/v2\/pages\/5\/revisions"}],"predecessor-version":[{"id":1602,"href":"https:\/\/www.waerchlade.ch\/de\/wp-json\/wp\/v2\/pages\/5\/revisions\/1602"}],"wp:attachment":[{"href":"https:\/\/www.waerchlade.ch\/de\/wp-json\/wp\/v2\/media?parent=5"}],"curies":[{"name":"wp","href":"https:\/\/api.w.org\/{rel}","templated":true}]}}