{"id":14,"date":"2018-09-17T14:07:25","date_gmt":"2018-09-17T14:07:25","guid":{"rendered":"https:\/\/waerchlade.ch\/de\/?page_id=14"},"modified":"2023-11-06T14:21:24","modified_gmt":"2023-11-06T14:21:24","slug":"arbeitsplaetze","status":"publish","type":"page","link":"https:\/\/www.waerchlade.ch\/de\/arbeitsplaetze\/","title":{"rendered":"Arbeitspl\u00e4tze"},"content":{"rendered":"<p>[et_pb_section fb_built=&#8220;1&#8243; _builder_version=&#8220;4.16&#8243; global_colors_info=&#8220;{}&#8220;][et_pb_row column_structure=&#8220;1_4,1_4,1_4,1_4&#8243; _builder_version=&#8220;4.16&#8243; background_size=&#8220;initial&#8220; background_position=&#8220;top_left&#8220; background_repeat=&#8220;repeat&#8220; global_colors_info=&#8220;{}&#8220;][et_pb_column type=&#8220;1_4&#8243; _builder_version=&#8220;4.16&#8243; custom_padding=&#8220;|||&#8220; global_colors_info=&#8220;{}&#8220; custom_padding__hover=&#8220;|||&#8220;][et_pb_text admin_label=&#8220;Text Arbeitsp.&#8220; _builder_version=&#8220;4.23&#8243; min_height=&#8220;395px&#8220; hover_enabled=&#8220;0&#8243; global_colors_info=&#8220;{}&#8220; sticky_enabled=&#8220;0&#8243;]<\/p>\n<h2>Arbeitsangebot<\/h2>\n<p>Der W\u00e4rchlade verf\u00fcgt \u00fcber 14 Arbeitspl\u00e4tze. Dadurch wird j\u00e4hrlich 35 bis 45 Personen eine sinnvolle Arbeit im Teilpensum erm\u00f6glicht.<\/p>\n<p>Die Mindestarbeitszeit betr\u00e4gt 6 Stunden pro Woche.<\/p>\n<p>Seit 2021 befindet sich unsere sch\u00f6ne, helle Holzwerkstatt am R\u00f6tzmattweg 5.<\/p>\n<p>Wir haben freie Arbeitspl\u00e4tze. Bei Interesse melden Sie sich bei uns.<\/p>\n<p>Weitere Infos auf <strong><a href=\"https:\/\/meinplatz.ch\/de\/standorte\/waerchlade-roetzmatt\" target=\"_blank\" rel=\"noopener\">meinplatz.ch<\/a><\/strong>.<\/p>\n<p>[\/et_pb_text][\/et_pb_column][et_pb_column type=&#8220;1_4&#8243; _builder_version=&#8220;4.16&#8243; custom_padding=&#8220;|||&#8220; global_colors_info=&#8220;{}&#8220; custom_padding__hover=&#8220;|||&#8220;][et_pb_text admin_label=&#8220;Text Zielgruppen&#8220; _builder_version=&#8220;4.16&#8243; global_colors_info=&#8220;{}&#8220;]<\/p>\n<h2>Aufnahmebedingungen und Zielgruppen<\/h2>\n<p>Der W\u00e4rchlade besch\u00e4ftigt erwachsene Frauen und M\u00e4nner aus Olten und Umgebung, die infolge Geburts\u00adgebrechen, Krankheit oder Unfall an einem bleibenden oder l\u00e4ngere Zeit dauernden k\u00f6rperlichen, geistigen oder psychischen Gesundheitsschaden leiden, deswegen nicht mehr oder nur teilweise in einem Arbeitsprozess integriert und auf eine Betreuung in einer gesch\u00fctzten Umgebung angewiesen sind.<\/p>\n<p>Die Ben\u00fctzerinnen und Ben\u00fctzer beziehen eine Invalidenrente. Menschen mit einer schweren geistigen und\/oder k\u00f6rperlichen Behinderung sowie mit einer schweren Suchtkrankheit k\u00f6nnen jedoch nicht aufgenommen werden.<\/p>\n<p>[\/et_pb_text][et_pb_image src=&#8220;https:\/\/www.waerchlade.ch\/de\/wp-content\/uploads\/IMG_1055.jpeg&#8220; title_text=&#8220;IMG_1055&#8243; align_tablet=&#8220;center&#8220; align_phone=&#8220;center&#8220; align_last_edited=&#8220;on|desktop&#8220; _builder_version=&#8220;4.16&#8243; global_colors_info=&#8220;{}&#8220;][\/et_pb_image][\/et_pb_column][et_pb_column type=&#8220;1_4&#8243; _builder_version=&#8220;4.16&#8243; custom_padding=&#8220;|||&#8220; global_colors_info=&#8220;{}&#8220; custom_padding__hover=&#8220;|||&#8220;][et_pb_text admin_label=&#8220;Text Lohn&#8220; _builder_version=&#8220;4.16&#8243; global_colors_info=&#8220;{}&#8220;]<\/p>\n<h2>Lohn<\/h2>\n<p>Die Ben\u00fctzerinnen und Ben\u00fctzer verf\u00fcgen \u00fcber kein regelm\u00e4ssiges Einkommen. Sie erhalten ca. 80 % des Brutto\u00aderl\u00f6ses (Verkaufspreis minus Material) der von ihnen her\u00adgestellten und verkauften Artikel.<\/p>\n<h2>Arbeitsvertrag<\/h2>\n<p>Zwischen dem W\u00e4rchlade und den Ben\u00fctzerinnen und Ben\u00fctzern wird ein Arbeitsvertrag abgeschlossen.<\/p>\n<p>[\/et_pb_text][et_pb_image src=&#8220;https:\/\/www.waerchlade.ch\/de\/wp-content\/uploads\/DSC03668.jpg&#8220; align_tablet=&#8220;center&#8220; align_phone=&#8220;center&#8220; align_last_edited=&#8220;on|desktop&#8220; _builder_version=&#8220;4.16&#8243; global_colors_info=&#8220;{}&#8220;][\/et_pb_image][\/et_pb_column][et_pb_column type=&#8220;1_4&#8243; _builder_version=&#8220;4.16&#8243; custom_padding=&#8220;|||&#8220; global_colors_info=&#8220;{}&#8220; custom_padding__hover=&#8220;|||&#8220;][et_pb_text admin_label=&#8220;Text AZeiten&#8220; _builder_version=&#8220;4.16&#8243; global_colors_info=&#8220;{}&#8220;]<\/p>\n<h2>Arbeitszeiten<\/h2>\n<p>Montag bis Freitag<br \/>9 bis 12 Uhr und<br \/>14 bis 18 Uhr<\/p>\n<p>[\/et_pb_text][et_pb_image src=&#8220;https:\/\/www.waerchlade.ch\/de\/wp-content\/uploads\/thumb_IMG_6407_1024-2.jpg&#8220; align_tablet=&#8220;center&#8220; align_phone=&#8220;center&#8220; align_last_edited=&#8220;on|desktop&#8220; _builder_version=&#8220;4.16&#8243; global_colors_info=&#8220;{}&#8220;][\/et_pb_image][\/et_pb_column][\/et_pb_row][\/et_pb_section][et_pb_section fb_built=&#8220;1&#8243; module_id=&#8220;weiterSektion&#8220; _builder_version=&#8220;4.16&#8243; global_colors_info=&#8220;{}&#8220;][et_pb_row column_structure=&#8220;3_4,1_4&#8243; _builder_version=&#8220;4.16&#8243; background_size=&#8220;initial&#8220; background_position=&#8220;top_left&#8220; background_repeat=&#8220;repeat&#8220; global_colors_info=&#8220;{}&#8220;][et_pb_column type=&#8220;3_4&#8243; _builder_version=&#8220;4.16&#8243; custom_padding=&#8220;|||&#8220; global_colors_info=&#8220;{}&#8220; custom_padding__hover=&#8220;|||&#8220;][\/et_pb_column][et_pb_column type=&#8220;1_4&#8243; _builder_version=&#8220;4.16&#8243; custom_padding=&#8220;|||&#8220; global_colors_info=&#8220;{}&#8220; custom_padding__hover=&#8220;|||&#8220;][et_pb_image src=&#8220;https:\/\/waerchlade.ch\/de\/wp-content\/uploads\/pfeil.png&#8220; url=&#8220;\/de\/laden\/&#8220; align_tablet=&#8220;center&#8220; align_phone=&#8220;center&#8220; align_last_edited=&#8220;on|desktop&#8220; admin_label=&#8220;Weiter-Pfeil&#8220; module_id=&#8220;weiter&#8220; _builder_version=&#8220;4.16&#8243; global_colors_info=&#8220;{}&#8220;][\/et_pb_image][\/et_pb_column][\/et_pb_row][\/et_pb_section]<\/p>\n","protected":false},"excerpt":{"rendered":"<p>Arbeitsangebot Der W\u00e4rchlade verf\u00fcgt \u00fcber 14 Arbeitspl\u00e4tze. Dadurch wird j\u00e4hrlich 35 bis 45 Personen eine sinnvolle Arbeit im Teilpensum erm\u00f6glicht. Die Mindestarbeitszeit betr\u00e4gt 6 Stunden pro Woche. Seit 2021 befindet sich unsere sch\u00f6ne, helle Holzwerkstatt am R\u00f6tzmattweg 5. Wir haben freie Arbeitspl\u00e4tze. Bei Interesse melden Sie sich bei uns. Weitere Infos auf meinplatz.ch.Aufnahmebedingungen und Zielgruppen [&hellip;]<\/p>\n","protected":false},"author":4,"featured_media":0,"parent":0,"menu_order":20,"comment_status":"closed","ping_status":"closed","template":"","meta":{"_et_pb_use_builder":"on","_et_pb_old_content":"","_et_gb_content_width":"","footnotes":""},"_links":{"self":[{"href":"https:\/\/www.waerchlade.ch\/de\/wp-json\/wp\/v2\/pages\/14"}],"collection":[{"href":"https:\/\/www.waerchlade.ch\/de\/wp-json\/wp\/v2\/pages"}],"about":[{"href":"https:\/\/www.waerchlade.ch\/de\/wp-json\/wp\/v2\/types\/page"}],"author":[{"embeddable":true,"href":"https:\/\/www.waerchlade.ch\/de\/wp-json\/wp\/v2\/users\/4"}],"replies":[{"embeddable":true,"href":"https:\/\/www.waerchlade.ch\/de\/wp-json\/wp\/v2\/comments?post=14"}],"version-history":[{"count":23,"href":"https:\/\/www.waerchlade.ch\/de\/wp-json\/wp\/v2\/pages\/14\/revisions"}],"predecessor-version":[{"id":1362,"href":"https:\/\/www.waerchlade.ch\/de\/wp-json\/wp\/v2\/pages\/14\/revisions\/1362"}],"wp:attachment":[{"href":"https:\/\/www.waerchlade.ch\/de\/wp-json\/wp\/v2\/media?parent=14"}],"curies":[{"name":"wp","href":"https:\/\/api.w.org\/{rel}","templated":true}]}}