{"id":1369,"date":"2023-11-06T14:33:50","date_gmt":"2023-11-06T14:33:50","guid":{"rendered":"https:\/\/www.waerchlade.ch\/de\/?page_id=1369"},"modified":"2023-11-15T08:32:45","modified_gmt":"2023-11-15T08:32:45","slug":"spenden","status":"publish","type":"page","link":"https:\/\/www.waerchlade.ch\/de\/spenden\/","title":{"rendered":"Spenden"},"content":{"rendered":"<p>[et_pb_section fb_built=&#8220;1&#8243; _builder_version=&#8220;4.23&#8243; _module_preset=&#8220;default&#8220; global_colors_info=&#8220;{}&#8220;][et_pb_row _builder_version=&#8220;4.23&#8243; _module_preset=&#8220;default&#8220; global_colors_info=&#8220;{}&#8220; column_structure=&#8220;1_2,1_2&#8243;][et_pb_column type=&#8220;1_2&#8243; _builder_version=&#8220;4.23&#8243; _module_preset=&#8220;default&#8220; global_colors_info=&#8220;{}&#8220;][et_pb_text _builder_version=&#8220;4.23&#8243; _module_preset=&#8220;default&#8220; global_colors_info=&#8220;{}&#8220;]<\/p>\n<h2>Spenden<\/h2>\n<p>Sie k\u00f6nnen den W\u00e4rchlade mit einer Spende unterst\u00fctzen:<br \/>Auf unser <strong>Postcheckkonto 40-263585-5<\/strong> oder auch per <strong>Twint<\/strong>.<\/p>\n<p>Besten Dank!<\/p>\n<p>[\/et_pb_text][\/et_pb_column][et_pb_column type=&#8220;1_2&#8243; _builder_version=&#8220;4.23&#8243; _module_preset=&#8220;default&#8220; global_colors_info=&#8220;{}&#8220;][et_pb_image src=&#8220;https:\/\/www.waerchlade.ch\/de\/wp-content\/uploads\/TWINT_Individueller-Betrag_DE.png&#8220; title_text=&#8220;TWINT_Individueller-Betrag_DE&#8220; _builder_version=&#8220;4.23&#8243; _module_preset=&#8220;default&#8220; global_colors_info=&#8220;{}&#8220;][\/et_pb_image][\/et_pb_column][\/et_pb_row][\/et_pb_section][et_pb_section fb_built=&#8220;1&#8243; admin_label=&#8220;Sektion (Weiter-Link)&#8220; module_id=&#8220;weiterSektion&#8220; _builder_version=&#8220;4.23&#8243; locked=&#8220;off&#8220; collapsed=&#8220;on&#8220; global_colors_info=&#8220;{}&#8220;][et_pb_row column_structure=&#8220;3_4,1_4&#8243; _builder_version=&#8220;4.16&#8243; background_size=&#8220;initial&#8220; background_position=&#8220;top_left&#8220; background_repeat=&#8220;repeat&#8220; global_colors_info=&#8220;{}&#8220;][et_pb_column type=&#8220;3_4&#8243; _builder_version=&#8220;4.16&#8243; custom_padding=&#8220;|||&#8220; global_colors_info=&#8220;{}&#8220; custom_padding__hover=&#8220;|||&#8220;][\/et_pb_column][et_pb_column type=&#8220;1_4&#8243; _builder_version=&#8220;4.16&#8243; custom_padding=&#8220;|||&#8220; global_colors_info=&#8220;{}&#8220; custom_padding__hover=&#8220;|||&#8220;][et_pb_image src=&#8220;https:\/\/waerchlade.ch\/de\/wp-content\/uploads\/pfeil.png&#8220; url=&#8220;https:\/\/waerchlade.ch\/de\/kontakt\/&#8220; align_tablet=&#8220;center&#8220; align_phone=&#8220;center&#8220; align_last_edited=&#8220;on|desktop&#8220; module_id=&#8220;weiter&#8220; _builder_version=&#8220;4.23&#8243; global_colors_info=&#8220;{}&#8220;][\/et_pb_image][\/et_pb_column][\/et_pb_row][\/et_pb_section]<\/p>\n","protected":false},"excerpt":{"rendered":"<p>Spenden Sie k\u00f6nnen den W\u00e4rchlade mit einer Spende unterst\u00fctzen:Auf unser Postcheckkonto 40-263585-5 oder auch per Twint. Besten Dank!<\/p>\n","protected":false},"author":4,"featured_media":0,"parent":0,"menu_order":45,"comment_status":"closed","ping_status":"closed","template":"","meta":{"_et_pb_use_builder":"on","_et_pb_old_content":"","_et_gb_content_width":"","footnotes":""},"_links":{"self":[{"href":"https:\/\/www.waerchlade.ch\/de\/wp-json\/wp\/v2\/pages\/1369"}],"collection":[{"href":"https:\/\/www.waerchlade.ch\/de\/wp-json\/wp\/v2\/pages"}],"about":[{"href":"https:\/\/www.waerchlade.ch\/de\/wp-json\/wp\/v2\/types\/page"}],"author":[{"embeddable":true,"href":"https:\/\/www.waerchlade.ch\/de\/wp-json\/wp\/v2\/users\/4"}],"replies":[{"embeddable":true,"href":"https:\/\/www.waerchlade.ch\/de\/wp-json\/wp\/v2\/comments?post=1369"}],"version-history":[{"count":10,"href":"https:\/\/www.waerchlade.ch\/de\/wp-json\/wp\/v2\/pages\/1369\/revisions"}],"predecessor-version":[{"id":1388,"href":"https:\/\/www.waerchlade.ch\/de\/wp-json\/wp\/v2\/pages\/1369\/revisions\/1388"}],"wp:attachment":[{"href":"https:\/\/www.waerchlade.ch\/de\/wp-json\/wp\/v2\/media?parent=1369"}],"curies":[{"name":"wp","href":"https:\/\/api.w.org\/{rel}","templated":true}]}}