{"id":1339,"date":"2023-11-03T09:22:42","date_gmt":"2023-11-03T09:22:42","guid":{"rendered":"https:\/\/www.waerchlade.ch\/de\/?page_id=1339"},"modified":"2023-11-03T09:23:00","modified_gmt":"2023-11-03T09:23:00","slug":"datenschutzerklaerung","status":"publish","type":"page","link":"https:\/\/www.waerchlade.ch\/de\/datenschutzerklaerung\/","title":{"rendered":"Datenschutzerkl\u00e4rung"},"content":{"rendered":"<p>[et_pb_section fb_built=&#8220;1&#8243; _builder_version=&#8220;4.16&#8243; global_colors_info=&#8220;{}&#8220;][et_pb_row _builder_version=&#8220;4.16&#8243; background_size=&#8220;initial&#8220; background_position=&#8220;top_left&#8220; background_repeat=&#8220;repeat&#8220; global_colors_info=&#8220;{}&#8220;][et_pb_column type=&#8220;4_4&#8243; _builder_version=&#8220;4.16&#8243; custom_padding=&#8220;|||&#8220; global_colors_info=&#8220;{}&#8220; custom_padding__hover=&#8220;|||&#8220;][et_pb_text _builder_version=&#8220;4.23&#8243; background_size=&#8220;initial&#8220; background_position=&#8220;top_left&#8220; background_repeat=&#8220;repeat&#8220; global_colors_info=&#8220;{}&#8220;]<\/p>\n<h2>W\u00e4rchlade \u2013 Datenschutzerkl\u00e4rung<\/h2>\n<p>Datenschutz und Datensicherheit sind uns, dem W\u00e4rchlade Olten, wichtig. Wir bearbeiten Ihre Personendaten verantwortungsbewusst, in \u00dcbereinstimmung mit anwendbaren gesetzlichen Bestimmungen und gem\u00e4ss dieser Datenschutzerkl\u00e4rung.<\/p>\n<p><strong>Inhalt dieser Datenschutzerkl\u00e4rung<\/strong><\/p>\n<p>In dieser Datenschutzerkl\u00e4rung informieren wir Sie dar\u00fcber, wie wir Personendaten erheben und bearbeiten, wenn Sie unsere Website unter https:\/\/www.waerchlade.ch\/de\/ (Webseite\u00bb) besuchen, uns kontaktieren oder unsere Leistungen in Anspruch nehmen. Unter Personendaten werden alle Angaben verstanden, die sich auf eine bestimmte oder bestimmbare Person beziehen.<\/p>\n<p><strong>Verantwortlicher f\u00fcr die Datenbearbeitung<\/strong><\/p>\n<p>F\u00fcr die in dieser Datenschutzerkl\u00e4rung beschriebenen Datenbearbeitungen ist der W\u00e4rchlade verantwortlich. Bei Fragen oder wenn Sie Ihre datenschutzrechtlichen Betroffenenrechte wahrnehmen m\u00f6chten, kontaktieren Sie uns bitte \u00fcber <a href=\"\/\"  class=\"mailcrypt\">waerchlade<span><span>\u2202<\/span><\/span>bluewin.ch<\/a> oder schreiben Sie an: W\u00e4rchlade, Marktgasse 35, 4600 Olten.<\/p>\n<p><strong>Personendatenbearbeitung, Bearbeitungszweck<\/strong><\/p>\n<p>Wir bearbeiten in erster Linie die Personendaten, die wir im Rahmen unserer Gesch\u00e4ftsbeziehung mit unseren Kunden, von Vereinsmitgliedern und Spendern sowie anderen Gesch\u00e4ftspartnern erhalten oder die wir beim Betrieb unserer Webseite von deren Nutzenden erheben. Die erhobenen Personendaten umfassen insbesondere Name und Kontaktdaten (beispielsweise Adresse, Telefonnummer und E-Mailadresse) sowie Informationen jeder Art aus Korrespondenz, Kontakten und Interaktionen.<\/p>\n<p>Personendaten bearbeiten wir, um mit Kunden, Mitgliedern und Gesch\u00e4ftspartnern zu kommunizieren, um Dienstleistungen zur Verf\u00fcgung zu stellen und um Gesch\u00e4ftsbeziehungen zu verwalten.<\/p>\n<p>Wir bearbeiten Ihre Personendaten zu den oben genannten Zwecken, je nach Situation, gest\u00fctzt auf die folgenden Rechtsgrundlagen:<\/p>\n<ul>\n<li>Die Bearbeitung von Personendaten ist f\u00fcr die Kommunikation mit Ihnen erforderlich;<\/li>\n<li>Die Bearbeitung der Personendaten ist f\u00fcr die Erf\u00fcllung eines Vertrages mit Ihnen erforderlich;<\/li>\n<li>Sie haben Ihre Einwilligung zur Bearbeitung der Sie betreffenden Personendaten erteilt;<\/li>\n<li>Die Bearbeitung der Personendaten ist f\u00fcr die Erf\u00fcllung einer rechtlichen Verpflichtung erforderlich (z. B. Aufbewahrungspflicht)<\/li>\n<\/ul>\n<p><strong>Speicherung von Personendaten<\/strong><\/p>\n<p>Wir verarbeiten und speichern Ihre Personendaten nur so lange, wie es gem\u00e4ss dem betreffenden Verarbeitungszweck notwendig ist oder eine andere rechtliche Grundlage daf\u00fcr besteht. Sobald Ihre Personendaten f\u00fcr die oben genannten Zwecke nicht mehr erforderlich sind, werden sie grunds\u00e4tzlich und soweit m\u00f6glich, passiv gesetzt, gel\u00f6scht oder anonymisiert.<\/p>\n<p>Wir treffen angemessene technische und organisatorische Massnahmen zum Schutz Ihrer Personendaten vor unberechtigtem Zugriff, Missbrauch, Verlust und Zerst\u00f6rung. Wir implementieren entsprechend unserer Risikobeurteilung insbesondere Zugangskontrollen, Zugriffskontrollen sowie Verfahren zur regelm\u00e4ssigen \u00dcberpr\u00fcfung, Bewertung und Evaluierung der Wirksamkeit der Massnahmen.<\/p>\n<p><strong>Weitergabe von Personendaten<\/strong><\/p>\n<p>Wir verarbeiten Ihre personenbezogenen Daten nur zu den in dieser Datenschutzerkl\u00e4rung genannten Zwecken. Eine \u00dcbermittlung Ihrer pers\u00f6nlichen Daten an Dritte zu anderen als den genannten Zwecken findet nicht statt. Wir geben Ihre pers\u00f6nlichen Daten nur an Dritte weiter, wenn:<\/p>\n<ul>\n<li>Sie Ihre ausdr\u00fcckliche Einwilligung dazu erteilt haben,<\/li>\n<li>die Verarbeitung zur Abwicklung eines Vertrags mit Ihnen erforderlich ist,<\/li>\n<li>die Verarbeitung zur Erf\u00fcllung einer rechtlichen Verpflichtung erforderlich ist,<\/li>\n<li>die Verarbeitung zur Wahrung berechtigter Interessen erforderlich ist und kein Grund zur Annahme besteht, dass Sie ein \u00fcberwiegendes schutzw\u00fcrdiges Interesse an der Nichtweitergabe Ihrer Daten haben.<\/li>\n<\/ul>\n<ul><\/ul>\n<p>&nbsp;<\/p>\n<p><strong>Rechte der betroffenen Personen<\/strong><\/p>\n<p>Sie haben das Recht, jederzeit Auskunft \u00fcber Ihre bei uns gespeicherten personenbezogenen Daten zu erhalten. Sind die bei uns gespeicherten Daten fehlerhaft, haben Sie das Recht auf Berichtigung.<\/p>\n<p>Sie k\u00f6nnen jederzeit die L\u00f6schung Ihrer personenbezogenen Daten verlangen, sofern wir die Daten nicht mehr f\u00fcr die Abwicklung eines Vertrags mit Ihnen ben\u00f6tigen. Der L\u00f6schung k\u00f6nnen ferner gesetzliche Aufbewahrungspflichten entgegenstehen. In diesem Fall haben Sie aber ein Recht darauf, dass wir Ihre Daten sperren.<\/p>\n<h3>Anpassungen dieser Datenschutzerkl\u00e4rung<\/h3>\n<p>Wir behalten uns ausdr\u00fccklich das Recht vor, die vorliegende Datenschutzerkl\u00e4rung jederzeit zu \u00e4ndern, damit sie den aktuellen rechtlichen Anforderungen entspricht. Werden Anpassungen vorgenommen, ver\u00f6ffentlichen wir umgehend die angepasste Datenschutzerkl\u00e4rung auf unserer Webseite. G\u00fcltig ist jeweils die auf unserer Webseite publizierte Datenschutzerkl\u00e4rung.<\/p>\n<p>&nbsp;<\/p>\n<p>[\/et_pb_text][\/et_pb_column][\/et_pb_row][\/et_pb_section]<\/p>\n","protected":false},"excerpt":{"rendered":"<p>W\u00e4rchlade \u2013 Datenschutzerkl\u00e4rung Datenschutz und Datensicherheit sind uns, dem W\u00e4rchlade Olten, wichtig. Wir bearbeiten Ihre Personendaten verantwortungsbewusst, in \u00dcbereinstimmung mit anwendbaren gesetzlichen Bestimmungen und gem\u00e4ss dieser Datenschutzerkl\u00e4rung. Inhalt dieser Datenschutzerkl\u00e4rung In dieser Datenschutzerkl\u00e4rung informieren wir Sie dar\u00fcber, wie wir Personendaten erheben und bearbeiten, wenn Sie unsere Website unter https:\/\/www.waerchlade.ch\/de\/ (Webseite\u00bb) besuchen, uns kontaktieren oder unsere [&hellip;]<\/p>\n","protected":false},"author":4,"featured_media":0,"parent":0,"menu_order":100,"comment_status":"closed","ping_status":"closed","template":"","meta":{"_et_pb_use_builder":"on","_et_pb_old_content":"<!-- wp:heading -->\n<h2 class=\"wp-block-heading\">Wer wir sind<\/h2>\n<!-- \/wp:heading -->\n\n<!-- wp:paragraph -->\n<p><strong class=\"privacy-policy-tutorial\">Textvorschlag: <\/strong>Die Adresse unserer Website ist: https:\/\/www.waerchlade.ch\/de.<\/p>\n<!-- \/wp:paragraph -->\n\n<!-- wp:heading -->\n<h2 class=\"wp-block-heading\">Kommentare<\/h2>\n<!-- \/wp:heading -->\n\n<!-- wp:paragraph -->\n<p><strong class=\"privacy-policy-tutorial\">Textvorschlag: <\/strong>Wenn Besucher Kommentare auf der Website schreiben, sammeln wir die Daten, die im Kommentar-Formular angezeigt werden, au\u00dferdem die IP-Adresse des Besuchers und den User-Agent-String (damit wird der Browser identifiziert), um die Erkennung von Spam zu unterst\u00fctzen.<\/p>\n<!-- \/wp:paragraph -->\n\n<!-- wp:paragraph -->\n<p>Aus deiner E-Mail-Adresse kann eine anonymisierte Zeichenfolge erstellt (auch Hash genannt) und dem Gravatar-Dienst \u00fcbergeben werden, um zu pr\u00fcfen, ob du diesen benutzt. Die Datenschutzerkl\u00e4rung des Gravatar-Dienstes findest du hier: https:\/\/automattic.com\/privacy\/. Nachdem dein Kommentar freigegeben wurde, ist dein Profilbild \u00f6ffentlich im Kontext deines Kommentars sichtbar.<\/p>\n<!-- \/wp:paragraph -->\n\n<!-- wp:heading -->\n<h2 class=\"wp-block-heading\">Medien<\/h2>\n<!-- \/wp:heading -->\n\n<!-- wp:paragraph -->\n<p><strong class=\"privacy-policy-tutorial\">Textvorschlag: <\/strong>Wenn du ein registrierter Benutzer bist und Fotos auf diese Website l\u00e4dst, solltest du vermeiden, Fotos mit einem EXIF-GPS-Standort hochzuladen. Besucher dieser Website k\u00f6nnten Fotos, die auf dieser Website gespeichert sind, herunterladen und deren Standort-Informationen extrahieren.<\/p>\n<!-- \/wp:paragraph -->\n\n<!-- wp:heading -->\n<h2 class=\"wp-block-heading\">Cookies<\/h2>\n<!-- \/wp:heading -->\n\n<!-- wp:paragraph -->\n<p><strong class=\"privacy-policy-tutorial\">Textvorschlag: <\/strong>Wenn du einen Kommentar auf unserer Website schreibst, kann das eine Einwilligung sein, deinen Namen, E-Mail-Adresse und Website in Cookies zu speichern. Dies ist eine Komfortfunktion, damit du nicht, wenn du einen weiteren Kommentar schreibst, all diese Daten erneut eingeben musst. Diese Cookies werden ein Jahr lang gespeichert.<\/p>\n<!-- \/wp:paragraph -->\n\n<!-- wp:paragraph -->\n<p>Falls du ein Konto hast und dich auf dieser Website anmeldest, werden wir ein tempor\u00e4res Cookie setzen, um festzustellen, ob dein Browser Cookies akzeptiert. Dieses Cookie enth\u00e4lt keine personenbezogenen Daten und wird verworfen, wenn du deinen Browser schlie\u00dft.<\/p>\n<!-- \/wp:paragraph -->\n\n<!-- wp:paragraph -->\n<p>Wenn du dich anmeldest, werden wir einige Cookies einrichten, um deine Anmeldeinformationen und Anzeigeoptionen zu speichern. Anmelde-Cookies verfallen nach zwei Tagen und Cookies f\u00fcr die Anzeigeoptionen nach einem Jahr. Falls du bei der Anmeldung \u201eAngemeldet bleiben\u201c ausw\u00e4hlst, wird deine Anmeldung zwei Wochen lang aufrechterhalten. Mit der Abmeldung aus deinem Konto werden die Anmelde-Cookies gel\u00f6scht.<\/p>\n<!-- \/wp:paragraph -->\n\n<!-- wp:paragraph -->\n<p>Wenn du einen Artikel bearbeitest oder ver\u00f6ffentlichst, wird ein zus\u00e4tzlicher Cookie in deinem Browser gespeichert. Dieser Cookie enth\u00e4lt keine personenbezogenen Daten und verweist nur auf die Beitrags-ID des Artikels, den du gerade bearbeitet hast. Der Cookie verf\u00e4llt nach einem Tag.<\/p>\n<!-- \/wp:paragraph -->\n\n<!-- wp:heading -->\n<h2 class=\"wp-block-heading\">Eingebettete Inhalte von anderen Websites<\/h2>\n<!-- \/wp:heading -->\n\n<!-- wp:paragraph -->\n<p><strong class=\"privacy-policy-tutorial\">Textvorschlag: <\/strong>Beitr\u00e4ge auf dieser Website k\u00f6nnen eingebettete Inhalte beinhalten (z.&nbsp;B. Videos, Bilder, Beitr\u00e4ge etc.). Eingebettete Inhalte von anderen Websites verhalten sich exakt so, als ob der Besucher die andere Website besucht h\u00e4tte.<\/p>\n<!-- \/wp:paragraph -->\n\n<!-- wp:paragraph -->\n<p>Diese Websites k\u00f6nnen Daten \u00fcber dich sammeln, Cookies benutzen, zus\u00e4tzliche Tracking-Dienste von Dritten einbetten und deine Interaktion mit diesem eingebetteten Inhalt aufzeichnen, inklusive deiner Interaktion mit dem eingebetteten Inhalt, falls du ein Konto hast und auf dieser Website angemeldet bist.<\/p>\n<!-- \/wp:paragraph -->\n\n<!-- wp:heading -->\n<h2 class=\"wp-block-heading\">Mit wem wir deine Daten teilen<\/h2>\n<!-- \/wp:heading -->\n\n<!-- wp:paragraph -->\n<p><strong class=\"privacy-policy-tutorial\">Textvorschlag: <\/strong>Wenn du eine Zur\u00fccksetzung des Passworts beantragst, wird deine IP-Adresse in der E-Mail zur Zur\u00fccksetzung enthalten sein.<\/p>\n<!-- \/wp:paragraph -->\n\n<!-- wp:heading -->\n<h2 class=\"wp-block-heading\">Wie lange wir deine Daten speichern<\/h2>\n<!-- \/wp:heading -->\n\n<!-- wp:paragraph -->\n<p><strong class=\"privacy-policy-tutorial\">Textvorschlag: <\/strong>Wenn du einen Kommentar schreibst, wird dieser inklusive Metadaten zeitlich unbegrenzt gespeichert. Auf diese Art k\u00f6nnen wir Folgekommentare automatisch erkennen und freigeben, anstatt sie in einer Moderations-Warteschlange festzuhalten.<\/p>\n<!-- \/wp:paragraph -->\n\n<!-- wp:paragraph -->\n<p>F\u00fcr Benutzer, die sich auf unserer Website registrieren, speichern wir zus\u00e4tzlich die pers\u00f6nlichen Informationen, die sie in ihren Benutzerprofilen angeben. Alle Benutzer k\u00f6nnen jederzeit ihre pers\u00f6nlichen Informationen einsehen, ver\u00e4ndern oder l\u00f6schen (der Benutzername kann nicht ver\u00e4ndert werden). Administratoren der Website k\u00f6nnen diese Informationen ebenfalls einsehen und ver\u00e4ndern.<\/p>\n<!-- \/wp:paragraph -->\n\n<!-- wp:heading -->\n<h2 class=\"wp-block-heading\">Welche Rechte du an deinen Daten hast<\/h2>\n<!-- \/wp:heading -->\n\n<!-- wp:paragraph -->\n<p><strong class=\"privacy-policy-tutorial\">Textvorschlag: <\/strong>Wenn du ein Konto auf dieser Website besitzt oder Kommentare geschrieben hast, kannst du einen Export deiner personenbezogenen Daten bei uns anfordern, inklusive aller Daten, die du uns mitgeteilt hast. Dar\u00fcber hinaus kannst du die L\u00f6schung aller personenbezogenen Daten, die wir von dir gespeichert haben, anfordern. Dies umfasst nicht die Daten, die wir aufgrund administrativer, rechtlicher oder sicherheitsrelevanter Notwendigkeiten aufbewahren m\u00fcssen.<\/p>\n<!-- \/wp:paragraph -->\n\n<!-- wp:heading -->\n<h2 class=\"wp-block-heading\">Wohin deine Daten gesendet werden<\/h2>\n<!-- \/wp:heading -->\n\n<!-- wp:paragraph -->\n<p><strong class=\"privacy-policy-tutorial\">Textvorschlag: <\/strong>Besucher-Kommentare k\u00f6nnten von einem automatisierten Dienst zur Spam-Erkennung untersucht werden.<\/p>\n<!-- \/wp:paragraph -->","_et_gb_content_width":"","footnotes":""},"_links":{"self":[{"href":"https:\/\/www.waerchlade.ch\/de\/wp-json\/wp\/v2\/pages\/1339"}],"collection":[{"href":"https:\/\/www.waerchlade.ch\/de\/wp-json\/wp\/v2\/pages"}],"about":[{"href":"https:\/\/www.waerchlade.ch\/de\/wp-json\/wp\/v2\/types\/page"}],"author":[{"embeddable":true,"href":"https:\/\/www.waerchlade.ch\/de\/wp-json\/wp\/v2\/users\/4"}],"replies":[{"embeddable":true,"href":"https:\/\/www.waerchlade.ch\/de\/wp-json\/wp\/v2\/comments?post=1339"}],"version-history":[{"count":2,"href":"https:\/\/www.waerchlade.ch\/de\/wp-json\/wp\/v2\/pages\/1339\/revisions"}],"predecessor-version":[{"id":1342,"href":"https:\/\/www.waerchlade.ch\/de\/wp-json\/wp\/v2\/pages\/1339\/revisions\/1342"}],"wp:attachment":[{"href":"https:\/\/www.waerchlade.ch\/de\/wp-json\/wp\/v2\/media?parent=1339"}],"curies":[{"name":"wp","href":"https:\/\/api.w.org\/{rel}","templated":true}]}}